{"id":83,"date":"2016-06-09T01:13:53","date_gmt":"2016-06-09T01:13:53","guid":{"rendered":"http:\/\/desmochados.gov.py\/?page_id=83"},"modified":"2017-02-10T09:52:59","modified_gmt":"2017-02-10T09:52:59","slug":"transparencia-enero-2016","status":"publish","type":"page","link":"https:\/\/desmochados.gov.py\/index.php\/transparencia-enero-2016\/","title":{"rendered":"Transparencia Enero\/2016"},"content":{"rendered":"<ul>\n<li><a href=\"http:\/\/desmochados.gov.py\/wp-content\/uploads\/2016\/06\/Ejecuci\u00f3n-Presupuestaria-de-Ingresos-Enero-2016.pdf\" target=\"_blank\">Ejecuci\u00f3n Presupuestaria de Ingresos Enero 2016<\/a><\/li>\n<li><a href=\"http:\/\/desmochados.gov.py\/wp-content\/uploads\/2016\/06\/Ejecuci\u00f3n-Presupuestaria-de-Gastos-Enera-2016.pdf\" target=\"_blank\">Ejecuci\u00f3n Presupuestaria de Gastos Enero 2016<\/a><\/li>\n<li><a href=\"http:\/\/desmochados.gov.py\/wp-content\/uploads\/2016\/06\/01_2016_SFP_Planilla_de_Personal.pdf\" target=\"_blank\">Planilla de Personal Enero 2016<\/a><\/li>\n<li><a href=\"http:\/\/desmochados.gov.py\/wp-content\/uploads\/2016\/06\/Viatico_01_2016.pdf\" target=\"_blank\">Vi\u00e1ticos<\/a><\/li>\n<li><a href=\"http:\/\/desmochados.gov.py\/wp-content\/uploads\/2016\/06\/AsistenciaSocial_01_2016.pdf\" target=\"_blank\">Asistencia Social a personas y familias de Escasos Recursos<\/a><\/li>\n<li><a href=\"http:\/\/desmochados.gov.py\/wp-content\/uploads\/2016\/06\/Funcionarios-Comisionados-de-la-Municipalidad-01_2016.pdf\" target=\"_blank\">Listado de Funcionarios Municipales Comisionados<\/a><\/li>\n<li><a href=\"http:\/\/desmochados.gov.py\/wp-content\/uploads\/2016\/06\/Funcionarios-Comisionados-de-Otras-Instituciones-01_2016.pdf\" target=\"_blank\">Listado de Funcionarios Comisionados de Otras Instituciones<\/a><\/li>\n<li><a href=\"http:\/\/desmochados.gov.py\/wp-content\/uploads\/2016\/06\/Becas_01_2016.pdf\" target=\"_blank\">Becas<\/a><\/li>\n<li><a href=\"http:\/\/desmochados.gov.py\/wp-content\/uploads\/2016\/06\/Indemnizaciones_01_2016.pdf\" target=\"_blank\">Indemnizaciones<\/a><\/li>\n<li><a href=\"http:\/\/desmochados.gov.py\/wp-content\/uploads\/2016\/06\/Vacancias_01_2016.pdf\" target=\"_blank\">Vacancias<\/a><\/li>\n<\/ul>\n","protected":false},"excerpt":{"rendered":"<p>Ejecuci\u00f3n Presupuestaria de Ingresos Enero 2016 Ejecuci\u00f3n Presupuestaria de Gastos Enero 2016 Planilla de Personal Enero 2016 Vi\u00e1ticos Asistencia Social [&hellip;]<\/p>\n","protected":false},"author":1,"featured_media":0,"parent":0,"menu_order":0,"comment_status":"closed","ping_status":"closed","template":"page-template-full-width.php","meta":{"footnotes":""},"class_list":["post-83","page","type-page","status-publish","hentry"],"_links":{"self":[{"href":"https:\/\/desmochados.gov.py\/index.php\/wp-json\/wp\/v2\/pages\/83","targetHints":{"allow":["GET"]}}],"collection":[{"href":"https:\/\/desmochados.gov.py\/index.php\/wp-json\/wp\/v2\/pages"}],"about":[{"href":"https:\/\/desmochados.gov.py\/index.php\/wp-json\/wp\/v2\/types\/page"}],"author":[{"embeddable":true,"href":"https:\/\/desmochados.gov.py\/index.php\/wp-json\/wp\/v2\/users\/1"}],"replies":[{"embeddable":true,"href":"https:\/\/desmochados.gov.py\/index.php\/wp-json\/wp\/v2\/comments?post=83"}],"version-history":[{"count":10,"href":"https:\/\/desmochados.gov.py\/index.php\/wp-json\/wp\/v2\/pages\/83\/revisions"}],"predecessor-version":[{"id":591,"href":"https:\/\/desmochados.gov.py\/index.php\/wp-json\/wp\/v2\/pages\/83\/revisions\/591"}],"wp:attachment":[{"href":"https:\/\/desmochados.gov.py\/index.php\/wp-json\/wp\/v2\/media?parent=83"}],"curies":[{"name":"wp","href":"https:\/\/api.w.org\/{rel}","templated":true}]}}