{"id":511,"date":"2016-12-19T19:32:12","date_gmt":"2016-12-19T19:32:12","guid":{"rendered":"http:\/\/desmochados.gov.py\/?page_id=511"},"modified":"2017-02-10T09:56:58","modified_gmt":"2017-02-10T09:56:58","slug":"transparencia-noviembre2016","status":"publish","type":"page","link":"https:\/\/desmochados.gov.py\/index.php\/transparencia-noviembre2016\/","title":{"rendered":"Transparencia Noviembre\/2016"},"content":{"rendered":"<ul>\n<li><a href=\"http:\/\/desmochados.gov.py\/wp-content\/uploads\/2016\/12\/1-Nomina-de-Personales2.pdf\" target=\"_blank\">Planilla de Personal<\/a><\/li>\n<li><a href=\"http:\/\/desmochados.gov.py\/wp-content\/uploads\/2016\/12\/2-Organigrama-Municipal.pdf\" target=\"_blank\">Estructura org\u00e1nica<\/a><\/li>\n<li><a href=\"http:\/\/desmochados.gov.py\/wp-content\/uploads\/2016\/12\/3-Manual-de-Funciones.pdf\" target=\"_blank\">Funciones de dependencias<\/a><\/li>\n<li><a href=\"http:\/\/desmochados.gov.py\/wp-content\/uploads\/2016\/12\/4-Ejecuci\u00f3n-Presupuestaria-de-Ingresos-Noviembre-2016.pdf\" target=\"_blank\">Ejecuci\u00f3n presupuestaria de ingresos<\/a><\/li>\n<li><a href=\"http:\/\/desmochados.gov.py\/wp-content\/uploads\/2016\/12\/5-Ejecuci\u00f3n-Presupuestaria-de-Gastos-Noviembre-2016-1.pdf\" target=\"_blank\">Ejecucion presupuestaria de gastos<\/a><\/li>\n<li><a href=\"http:\/\/desmochados.gov.py\/wp-content\/uploads\/2016\/12\/6-Planilla-de-Viatico_11_2016.pdf\" target=\"_blank\">Vi\u00e1ticos<\/a><\/li>\n<li><a href=\"http:\/\/desmochados.gov.py\/wp-content\/uploads\/2016\/12\/7-AsistenciaSocial_11_2016.pdf\" target=\"_blank\">Asistencia Social a personas y familias de Escasos Recursos<\/a> <a href=\"http:\/\/desmochados.gov.py\/wp-content\/uploads\/2016\/12\/8-Becas_11_2016.pdf\">8-becas_11_2016<\/a><\/li>\n<li><a href=\"http:\/\/desmochados.gov.py\/wp-content\/uploads\/2016\/12\/9-Indemnizaciones_11_2016.pdf\" target=\"_blank\">Indemnizaciones<\/a><\/li>\n<li><a href=\"http:\/\/desmochados.gov.py\/wp-content\/uploads\/2016\/12\/10-Funcionarios-Comisionados-de-la-Municipalidad-11_2016.pdf\" target=\"_blank\">Listado de Funcionarios Municipales Comisionados<\/a><\/li>\n<li><a href=\"http:\/\/desmochados.gov.py\/wp-content\/uploads\/2016\/12\/11-Funcionarios-Comisionados-de-Otras-Instituciones-11_2016.pdf\" target=\"_blank\">Listado de Funcionarios Comisionados de Otras Instituciones<\/a><\/li>\n<li><a href=\"http:\/\/desmochados.gov.py\/wp-content\/uploads\/2016\/12\/12-Inventario-Detallado-2015.pdf\" target=\"_blank\">Inventario de bienes detallado<\/a><\/li>\n<li><a href=\"http:\/\/desmochados.gov.py\/wp-content\/uploads\/2016\/12\/13-Inventario-Consolidado-2015.pdf\" target=\"_blank\">Inventario de bienes consolidado<\/a><\/li>\n<li><a href=\"http:\/\/desmochados.gov.py\/wp-content\/uploads\/2016\/12\/14-Planilla_Personal_Noviembre_2016-SFP.pdf\" target=\"_blank\">Planilla de Personal Noviembre<\/a><\/li>\n<li><a href=\"http:\/\/desmochados.gov.py\/wp-content\/uploads\/2016\/06\/Vacancias_11_2016.pdf\" target=\"_blank\">Vacancias<\/a><\/li>\n<\/ul>\n","protected":false},"excerpt":{"rendered":"<p>Planilla de Personal Estructura org\u00e1nica Funciones de dependencias Ejecuci\u00f3n presupuestaria de ingresos Ejecucion presupuestaria de gastos Vi\u00e1ticos Asistencia Social a [&hellip;]<\/p>\n","protected":false},"author":1,"featured_media":0,"parent":0,"menu_order":0,"comment_status":"closed","ping_status":"closed","template":"page-template-full-width.php","meta":{"footnotes":""},"class_list":["post-511","page","type-page","status-publish","hentry"],"_links":{"self":[{"href":"https:\/\/desmochados.gov.py\/index.php\/wp-json\/wp\/v2\/pages\/511","targetHints":{"allow":["GET"]}}],"collection":[{"href":"https:\/\/desmochados.gov.py\/index.php\/wp-json\/wp\/v2\/pages"}],"about":[{"href":"https:\/\/desmochados.gov.py\/index.php\/wp-json\/wp\/v2\/types\/page"}],"author":[{"embeddable":true,"href":"https:\/\/desmochados.gov.py\/index.php\/wp-json\/wp\/v2\/users\/1"}],"replies":[{"embeddable":true,"href":"https:\/\/desmochados.gov.py\/index.php\/wp-json\/wp\/v2\/comments?post=511"}],"version-history":[{"count":7,"href":"https:\/\/desmochados.gov.py\/index.php\/wp-json\/wp\/v2\/pages\/511\/revisions"}],"predecessor-version":[{"id":602,"href":"https:\/\/desmochados.gov.py\/index.php\/wp-json\/wp\/v2\/pages\/511\/revisions\/602"}],"wp:attachment":[{"href":"https:\/\/desmochados.gov.py\/index.php\/wp-json\/wp\/v2\/media?parent=511"}],"curies":[{"name":"wp","href":"https:\/\/api.w.org\/{rel}","templated":true}]}}