{"id":34,"date":"2016-06-08T23:40:58","date_gmt":"2016-06-08T23:40:58","guid":{"rendered":"http:\/\/desmochados.gov.py\/?page_id=34"},"modified":"2016-06-08T23:57:58","modified_gmt":"2016-06-08T23:57:58","slug":"historia","status":"publish","type":"page","link":"https:\/\/desmochados.gov.py\/index.php\/historia\/","title":{"rendered":"Historia"},"content":{"rendered":"<p lang=\"es-PY\">Su fundador fue don Jos\u00e9 Teodoro Torres, hacendado de la zona que don\u00f3 los terrenos para la fundaci\u00f3n del pueblo de Desmochados al t\u00e9rmino de la guerra de la triple alianza.<\/p>\n<p lang=\"es-PY\">El nombre \u201cDesmochados\u201d proviene de una expresi\u00f3n que utilizaba la gente que viajaba de Yabebyry y Laureles hasta la ciudad de Pilar; quienes dec\u00edan \u201c\u00f1a Desmocha\u201d<\/p>\n<p lang=\"es-PY\">\u201c\u00d1a Desmocha\u201d significaba acortar distancia. Con el tiempo la palabra \u201cDemocha\u201d pas\u00f3 a ser \u201cDesmochados\u201d por la fuerza de la costumbre. As\u00ed naci\u00f3 el nombre del pueblo de \u201cDesmochados\u201d.<\/p>\n<p lang=\"es-PY\" align=\"justify\">Esta ciudad fue fundada el 8 de febrero del a\u00f1o 1904. La fiesta Patronal se celebra el 16 de julio de cada a\u00f1o, la Santa Patrona es la Virgen del Carmen.-<\/p>\n","protected":false},"excerpt":{"rendered":"<p>Su fundador fue don Jos\u00e9 Teodoro Torres, hacendado de la zona que don\u00f3 los terrenos para la fundaci\u00f3n del pueblo [&hellip;]<\/p>\n","protected":false},"author":1,"featured_media":0,"parent":0,"menu_order":0,"comment_status":"closed","ping_status":"closed","template":"page-template-full-width.php","meta":{"footnotes":""},"class_list":["post-34","page","type-page","status-publish","hentry"],"_links":{"self":[{"href":"https:\/\/desmochados.gov.py\/index.php\/wp-json\/wp\/v2\/pages\/34","targetHints":{"allow":["GET"]}}],"collection":[{"href":"https:\/\/desmochados.gov.py\/index.php\/wp-json\/wp\/v2\/pages"}],"about":[{"href":"https:\/\/desmochados.gov.py\/index.php\/wp-json\/wp\/v2\/types\/page"}],"author":[{"embeddable":true,"href":"https:\/\/desmochados.gov.py\/index.php\/wp-json\/wp\/v2\/users\/1"}],"replies":[{"embeddable":true,"href":"https:\/\/desmochados.gov.py\/index.php\/wp-json\/wp\/v2\/comments?post=34"}],"version-history":[{"count":3,"href":"https:\/\/desmochados.gov.py\/index.php\/wp-json\/wp\/v2\/pages\/34\/revisions"}],"predecessor-version":[{"id":46,"href":"https:\/\/desmochados.gov.py\/index.php\/wp-json\/wp\/v2\/pages\/34\/revisions\/46"}],"wp:attachment":[{"href":"https:\/\/desmochados.gov.py\/index.php\/wp-json\/wp\/v2\/media?parent=34"}],"curies":[{"name":"wp","href":"https:\/\/api.w.org\/{rel}","templated":true}]}}