{"id":331,"date":"2016-07-09T13:10:32","date_gmt":"2016-07-09T13:10:32","guid":{"rendered":"http:\/\/desmochados.gov.py\/?page_id=331"},"modified":"2017-02-10T09:55:18","modified_gmt":"2017-02-10T09:55:18","slug":"transparencia-j","status":"publish","type":"page","link":"https:\/\/desmochados.gov.py\/index.php\/transparencia-j\/","title":{"rendered":"Transparencia Junio\/2016"},"content":{"rendered":"<ul>\n<li><a href=\"#\" target=\"_blank\">Ejecuci\u00f3n Presupuestaria de Ingresos Junio 2016<\/a><\/li>\n<li><a href=\"#\" target=\"_blank\">Ejecuci\u00f3n Presupuestaria de Egresos Junio 2016<\/a><\/li>\n<li><a href=\"http:\/\/desmochados.gov.py\/wp-content\/uploads\/2016\/06\/06_2016_SFP_Planilla_de_Personal.pdf\" target=\"_blank\">Planilla de Personal Junio 2016<\/a><\/li>\n<li><a href=\"http:\/\/desmochados.gov.py\/wp-content\/uploads\/2016\/07\/Viatico_06_2016.pdf\" target=\"_blank\">Vi\u00e1ticos<\/a><\/li>\n<li><a href=\"http:\/\/desmochados.gov.py\/wp-content\/uploads\/2016\/07\/AsistenciaSocial_06_2016.pdf\" target=\"_blank\">Asistencia Social a personas y familias de Escasos Recursos<\/a><\/li>\n<li><a href=\"http:\/\/desmochados.gov.py\/wp-content\/uploads\/2016\/07\/Funcionarios-Comisionados-de-la-Municipalidad-06_2016.pdf\" target=\"_blank\">Listado de Funcionarios Municipales Comisionados<\/a><\/li>\n<li><a href=\"http:\/\/desmochados.gov.py\/wp-content\/uploads\/2016\/07\/Funcionarios-Comisionados-de-Otras-Instituciones-06_2016.pdf\" target=\"_blank\">Listado de Funcionarios Comisionados de Otras Instituciones<\/a><\/li>\n<li><a href=\"http:\/\/desmochados.gov.py\/wp-content\/uploads\/2016\/07\/Becas_06_2016.pdf\" target=\"_blank\">Becas<\/a><\/li>\n<li><a href=\"http:\/\/desmochados.gov.py\/wp-content\/uploads\/2016\/07\/Indemnizaciones_06_2016.pdf\" target=\"_blank\">Indemnizaciones<\/a><\/li>\n<li><a href=\"http:\/\/desmochados.gov.py\/wp-content\/uploads\/2016\/07\/Ejec.Presup.x.Obj_.de_.Gastos_General_Det.x.Mes_1er.Semestre.2016_Desmochados.pdf\" target=\"_blank\">Ejec. Presup. por Obj. de Gastos_General-Detallado por mes_1er. Semestre 2016<\/a><\/li>\n<li><a href=\"http:\/\/desmochados.gov.py\/wp-content\/uploads\/2016\/07\/Ejec.Presup.de_.Recursos_General_Det.x.Mes_1er.Semestre.2016_Desmochados.pdf\" target=\"_blank\">Ejec.Presup. de Recursos_General_Det por mes_1er.Semestre 2016<\/a><\/li>\n<li><a href=\"http:\/\/desmochados.gov.py\/wp-content\/uploads\/2016\/06\/Vacancias_06_2016.pdf\" target=\"_blank\">Vacancias<\/a><\/li>\n<\/ul>\n","protected":false},"excerpt":{"rendered":"<p>Ejecuci\u00f3n Presupuestaria de Ingresos Junio 2016 Ejecuci\u00f3n Presupuestaria de Egresos Junio 2016 Planilla de Personal Junio 2016 Vi\u00e1ticos Asistencia Social [&hellip;]<\/p>\n","protected":false},"author":1,"featured_media":0,"parent":0,"menu_order":0,"comment_status":"closed","ping_status":"closed","template":"page-template-full-width.php","meta":{"footnotes":""},"class_list":["post-331","page","type-page","status-publish","hentry"],"_links":{"self":[{"href":"https:\/\/desmochados.gov.py\/index.php\/wp-json\/wp\/v2\/pages\/331","targetHints":{"allow":["GET"]}}],"collection":[{"href":"https:\/\/desmochados.gov.py\/index.php\/wp-json\/wp\/v2\/pages"}],"about":[{"href":"https:\/\/desmochados.gov.py\/index.php\/wp-json\/wp\/v2\/types\/page"}],"author":[{"embeddable":true,"href":"https:\/\/desmochados.gov.py\/index.php\/wp-json\/wp\/v2\/users\/1"}],"replies":[{"embeddable":true,"href":"https:\/\/desmochados.gov.py\/index.php\/wp-json\/wp\/v2\/comments?post=331"}],"version-history":[{"count":8,"href":"https:\/\/desmochados.gov.py\/index.php\/wp-json\/wp\/v2\/pages\/331\/revisions"}],"predecessor-version":[{"id":597,"href":"https:\/\/desmochados.gov.py\/index.php\/wp-json\/wp\/v2\/pages\/331\/revisions\/597"}],"wp:attachment":[{"href":"https:\/\/desmochados.gov.py\/index.php\/wp-json\/wp\/v2\/media?parent=331"}],"curies":[{"name":"wp","href":"https:\/\/api.w.org\/{rel}","templated":true}]}}