{"id":2482,"date":"2024-06-19T08:40:41","date_gmt":"2024-06-19T12:40:41","guid":{"rendered":"https:\/\/desmochados.gov.py\/?page_id=2482"},"modified":"2025-02-12T10:02:33","modified_gmt":"2025-02-12T13:02:33","slug":"informes-2024","status":"publish","type":"page","link":"https:\/\/desmochados.gov.py\/index.php\/informes-2024\/","title":{"rendered":"Informes 2024"},"content":{"rendered":"\t\t<div data-elementor-type=\"wp-page\" data-elementor-id=\"2482\" class=\"elementor elementor-2482\">\n\t\t\t\t\t\t<section class=\"elementor-section elementor-top-section elementor-element elementor-element-1dea4f7 elementor-section-full_width elementor-section-height-default elementor-section-height-default\" data-id=\"1dea4f7\" data-element_type=\"section\">\n\t\t\t\t\t\t<div class=\"elementor-container elementor-column-gap-default\">\n\t\t\t\t\t<div class=\"elementor-column elementor-col-100 elementor-top-column elementor-element elementor-element-cf7cd98\" data-id=\"cf7cd98\" data-element_type=\"column\">\n\t\t\t<div class=\"elementor-widget-wrap elementor-element-populated\">\n\t\t\t\t\t\t<div class=\"elementor-element elementor-element-e00affa elementor-widget elementor-widget-toggle\" data-id=\"e00affa\" data-element_type=\"widget\" data-widget_type=\"toggle.default\">\n\t\t\t\t<div class=\"elementor-widget-container\">\n\t\t\t\t\t\t\t<div class=\"elementor-toggle\">\n\t\t\t\t\t\t\t<div class=\"elementor-toggle-item\">\n\t\t\t\t\t<div id=\"elementor-tab-title-2341\" class=\"elementor-tab-title\" data-tab=\"1\" role=\"button\" aria-controls=\"elementor-tab-content-2341\" aria-expanded=\"false\">\n\t\t\t\t\t\t\t\t\t\t\t\t<span class=\"elementor-toggle-icon elementor-toggle-icon-left\" aria-hidden=\"true\">\n\t\t\t\t\t\t\t\t\t\t\t\t\t\t\t<span class=\"elementor-toggle-icon-closed\"><i class=\"fas fa-caret-right\"><\/i><\/span>\n\t\t\t\t\t\t\t\t<span class=\"elementor-toggle-icon-opened\"><i class=\"elementor-toggle-icon-opened fas fa-caret-up\"><\/i><\/span>\n\t\t\t\t\t\t\t\t\t\t\t\t\t<\/span>\n\t\t\t\t\t\t\t\t\t\t\t\t<a class=\"elementor-toggle-title\" tabindex=\"0\">Primer Cuatrimestre<\/a>\n\t\t\t\t\t<\/div>\n\n\t\t\t\t\t<div id=\"elementor-tab-content-2341\" class=\"elementor-tab-content elementor-clearfix\" data-tab=\"1\" role=\"region\" aria-labelledby=\"elementor-tab-title-2341\"><ul><li><p><strong><a href=\"http:\/\/desmochados.gov.py\/wp-content\/uploads\/2024\/06\/Informe-de-Gestion-1er.-Cuatrimestre-2024-Desmochados.pdf\" target=\"_blank\" rel=\"noopener\">Informe de Gesti\u00f3n 1er. Cuatrimestre 2024 Desmochados<\/a><\/strong><\/p><\/li><li><p><strong><a href=\"http:\/\/desmochados.gov.py\/wp-content\/uploads\/2024\/06\/Ejecuion-Presup-Ingreso-FONACIDE-1er.-Cuatrimestre-2024-Desmochados.pdf\" target=\"_blank\" rel=\"noopener\">Ejecuci\u00f3n Presupuestaria de Ingreso FONACIDE 1er. Cuatrimestre 2024 Desmochados<\/a><\/strong><\/p><\/li><li><p><strong><a href=\"http:\/\/desmochados.gov.py\/wp-content\/uploads\/2024\/06\/Ejecuion-Presup-Egreso-FONACIDE-1er.-Cuatrimestre-2024-Desmochados.pdf\" target=\"_blank\" rel=\"noopener\">Ejecuci\u00f3n Presupuestaria de Egreso FONACIDE 1er. Cuatrimestre 2024 Desmochados<\/a><\/strong><\/p><\/li><\/ul><\/div>\n\t\t\t\t<\/div>\n\t\t\t\t\t\t\t<div class=\"elementor-toggle-item\">\n\t\t\t\t\t<div id=\"elementor-tab-title-2342\" class=\"elementor-tab-title\" data-tab=\"2\" role=\"button\" aria-controls=\"elementor-tab-content-2342\" aria-expanded=\"false\">\n\t\t\t\t\t\t\t\t\t\t\t\t<span class=\"elementor-toggle-icon elementor-toggle-icon-left\" aria-hidden=\"true\">\n\t\t\t\t\t\t\t\t\t\t\t\t\t\t\t<span class=\"elementor-toggle-icon-closed\"><i class=\"fas fa-caret-right\"><\/i><\/span>\n\t\t\t\t\t\t\t\t<span class=\"elementor-toggle-icon-opened\"><i class=\"elementor-toggle-icon-opened fas fa-caret-up\"><\/i><\/span>\n\t\t\t\t\t\t\t\t\t\t\t\t\t<\/span>\n\t\t\t\t\t\t\t\t\t\t\t\t<a class=\"elementor-toggle-title\" tabindex=\"0\">Segundo Cuatrimestre<\/a>\n\t\t\t\t\t<\/div>\n\n\t\t\t\t\t<div id=\"elementor-tab-content-2342\" class=\"elementor-tab-content elementor-clearfix\" data-tab=\"2\" role=\"region\" aria-labelledby=\"elementor-tab-title-2342\"><ul><li><strong><a href=\"http:\/\/desmochados.gov.py\/wp-content\/uploads\/2024\/10\/Informe-de-Gestion-2\u00b0C_2024-Desmochados.pdf\" target=\"_blank\" rel=\"noopener\">Informe de Gesti\u00f3n 2\u00b0C_2024 Desmochados<\/a><\/strong><\/li><li><strong> <a href=\"http:\/\/desmochados.gov.py\/wp-content\/uploads\/2024\/10\/Ejec_Presup_Ingresos-Fonacide-2\u00b0C_2024-Desmochados.pdf\" target=\"_blank\" rel=\"noopener\">Ejec_Presup_Ingresos Fonacide 2\u00b0C_2024 Desmochados<\/a> <\/strong><\/li><li><strong><a href=\"http:\/\/desmochados.gov.py\/wp-content\/uploads\/2024\/10\/Ejec_Presup_Egresos-Fonacide-2\u00b0C_2024-Desmochados.pdf\" target=\"_blank\" rel=\"noopener\">Ejec_Presup_Egresos Fonacide 2\u00b0C_2024 Desmochados<\/a><\/strong><\/li><\/ul><\/div>\n\t\t\t\t<\/div>\n\t\t\t\t\t\t\t<div class=\"elementor-toggle-item\">\n\t\t\t\t\t<div id=\"elementor-tab-title-2343\" class=\"elementor-tab-title\" data-tab=\"3\" role=\"button\" aria-controls=\"elementor-tab-content-2343\" aria-expanded=\"false\">\n\t\t\t\t\t\t\t\t\t\t\t\t<span class=\"elementor-toggle-icon elementor-toggle-icon-left\" aria-hidden=\"true\">\n\t\t\t\t\t\t\t\t\t\t\t\t\t\t\t<span class=\"elementor-toggle-icon-closed\"><i class=\"fas fa-caret-right\"><\/i><\/span>\n\t\t\t\t\t\t\t\t<span class=\"elementor-toggle-icon-opened\"><i class=\"elementor-toggle-icon-opened fas fa-caret-up\"><\/i><\/span>\n\t\t\t\t\t\t\t\t\t\t\t\t\t<\/span>\n\t\t\t\t\t\t\t\t\t\t\t\t<a class=\"elementor-toggle-title\" tabindex=\"0\">Tercer Cuatrimestre<\/a>\n\t\t\t\t\t<\/div>\n\n\t\t\t\t\t<div id=\"elementor-tab-content-2343\" class=\"elementor-tab-content elementor-clearfix\" data-tab=\"3\" role=\"region\" aria-labelledby=\"elementor-tab-title-2343\"><ul><li><strong><a href=\"http:\/\/desmochados.gov.py\/wp-content\/uploads\/2025\/02\/Informe-de-Gestion-3\u00b0C_2024-Desmochados.pdf\" target=\"_blank\" rel=\"noopener\">Informe de Gesti\u00f3n 3\u00b0C_2024 Desmochados<\/a> <\/strong><\/li><li><strong><a href=\"http:\/\/desmochados.gov.py\/wp-content\/uploads\/2025\/02\/Ejecuc_Presup_Ingresos-Fonacide-3\u00b0C_2024.pdf\" target=\"_blank\" rel=\"noopener\">Ejecuc_Presup_Ingresos Fonacide 3\u00b0C_2024<\/a> <\/strong><\/li><li><strong><a href=\"http:\/\/desmochados.gov.py\/wp-content\/uploads\/2025\/02\/Ejecuc_Presup_Egresos-Fonacide-3\u00b0C_2024.pdf\" target=\"_blank\" rel=\"noopener\">Ejecuc_Presup_Egresos Fonacide 3\u00b0C_2024<\/a><\/strong><\/li><\/ul><\/div>\n\t\t\t\t<\/div>\n\t\t\t\t\t\t\t\t<\/div>\n\t\t\t\t\t\t<\/div>\n\t\t\t\t<\/div>\n\t\t\t\t\t<\/div>\n\t\t<\/div>\n\t\t\t\t\t<\/div>\n\t\t<\/section>\n\t\t\t\t<\/div>\n\t\t","protected":false},"excerpt":{"rendered":"<p>Primer Cuatrimestre Informe de Gesti\u00f3n 1er. Cuatrimestre 2024 Desmochados Ejecuci\u00f3n Presupuestaria de Ingreso FONACIDE 1er. Cuatrimestre 2024 Desmochados Ejecuci\u00f3n Presupuestaria [&hellip;]<\/p>\n","protected":false},"author":1,"featured_media":0,"parent":0,"menu_order":0,"comment_status":"closed","ping_status":"closed","template":"template-full-custom.php","meta":{"footnotes":""},"class_list":["post-2482","page","type-page","status-publish","hentry"],"_links":{"self":[{"href":"https:\/\/desmochados.gov.py\/index.php\/wp-json\/wp\/v2\/pages\/2482","targetHints":{"allow":["GET"]}}],"collection":[{"href":"https:\/\/desmochados.gov.py\/index.php\/wp-json\/wp\/v2\/pages"}],"about":[{"href":"https:\/\/desmochados.gov.py\/index.php\/wp-json\/wp\/v2\/types\/page"}],"author":[{"embeddable":true,"href":"https:\/\/desmochados.gov.py\/index.php\/wp-json\/wp\/v2\/users\/1"}],"replies":[{"embeddable":true,"href":"https:\/\/desmochados.gov.py\/index.php\/wp-json\/wp\/v2\/comments?post=2482"}],"version-history":[{"count":24,"href":"https:\/\/desmochados.gov.py\/index.php\/wp-json\/wp\/v2\/pages\/2482\/revisions"}],"predecessor-version":[{"id":2523,"href":"https:\/\/desmochados.gov.py\/index.php\/wp-json\/wp\/v2\/pages\/2482\/revisions\/2523"}],"wp:attachment":[{"href":"https:\/\/desmochados.gov.py\/index.php\/wp-json\/wp\/v2\/media?parent=2482"}],"curies":[{"name":"wp","href":"https:\/\/api.w.org\/{rel}","templated":true}]}}