{"id":233,"date":"2016-06-17T00:15:33","date_gmt":"2016-06-17T00:15:33","guid":{"rendered":"http:\/\/desmochados.gov.py\/?page_id=233"},"modified":"2016-06-17T01:08:53","modified_gmt":"2016-06-17T01:08:53","slug":"resumen-anual-2015","status":"publish","type":"page","link":"https:\/\/desmochados.gov.py\/index.php\/resumen-anual-2015\/","title":{"rendered":"Resumen Anual 2015"},"content":{"rendered":"<p>&nbsp;<\/p>\n<ul>\n<li>Presupuesto General 2015<\/li>\n<li>Anexo de Personal 2015<\/li>\n<li>Rendici\u00f3n de Cuentas del Ejercicio 2015<\/li>\n<li>Presentaci\u00f3n en la Contralor\u00eda<\/li>\n<li>Bienes de Uso\n<ul>\n<li><a href=\"http:\/\/desmochados.gov.py\/wp-content\/uploads\/2016\/06\/Inventario-Detallado-2015.pdf\" target=\"_blank\">Inventario Detallado 2015<\/a><\/li>\n<li><a href=\"http:\/\/desmochados.gov.py\/wp-content\/uploads\/2016\/06\/Inventario-Consolidado-2015.pdf\" target=\"_blank\">Inventario Consolidado 2015<\/a><\/li>\n<\/ul>\n<\/li>\n<\/ul>\n","protected":false},"excerpt":{"rendered":"<p>&nbsp; Presupuesto General 2015 Anexo de Personal 2015 Rendici\u00f3n de Cuentas del Ejercicio 2015 Presentaci\u00f3n en la Contralor\u00eda Bienes de [&hellip;]<\/p>\n","protected":false},"author":1,"featured_media":0,"parent":0,"menu_order":0,"comment_status":"closed","ping_status":"closed","template":"page-template-full-width.php","meta":{"footnotes":""},"class_list":["post-233","page","type-page","status-publish","hentry"],"_links":{"self":[{"href":"https:\/\/desmochados.gov.py\/index.php\/wp-json\/wp\/v2\/pages\/233","targetHints":{"allow":["GET"]}}],"collection":[{"href":"https:\/\/desmochados.gov.py\/index.php\/wp-json\/wp\/v2\/pages"}],"about":[{"href":"https:\/\/desmochados.gov.py\/index.php\/wp-json\/wp\/v2\/types\/page"}],"author":[{"embeddable":true,"href":"https:\/\/desmochados.gov.py\/index.php\/wp-json\/wp\/v2\/users\/1"}],"replies":[{"embeddable":true,"href":"https:\/\/desmochados.gov.py\/index.php\/wp-json\/wp\/v2\/comments?post=233"}],"version-history":[{"count":2,"href":"https:\/\/desmochados.gov.py\/index.php\/wp-json\/wp\/v2\/pages\/233\/revisions"}],"predecessor-version":[{"id":247,"href":"https:\/\/desmochados.gov.py\/index.php\/wp-json\/wp\/v2\/pages\/233\/revisions\/247"}],"wp:attachment":[{"href":"https:\/\/desmochados.gov.py\/index.php\/wp-json\/wp\/v2\/media?parent=233"}],"curies":[{"name":"wp","href":"https:\/\/api.w.org\/{rel}","templated":true}]}}