{"id":144,"date":"2016-06-09T21:14:39","date_gmt":"2016-06-09T21:14:39","guid":{"rendered":"http:\/\/desmochados.gov.py\/?page_id=144"},"modified":"2017-02-10T09:54:20","modified_gmt":"2017-02-10T09:54:20","slug":"transparencia-abril-2016","status":"publish","type":"page","link":"https:\/\/desmochados.gov.py\/index.php\/transparencia-abril-2016\/","title":{"rendered":"Transparencia Abril\/2016"},"content":{"rendered":"<ul>\n<li><a href=\"http:\/\/desmochados.gov.py\/wp-content\/uploads\/2016\/06\/Ejecuci\u00f3n-Presupuestaria-de-Gastos-Abril-2016.pdf\" target=\"_blank\">Ejecuci\u00f3n Presupuestaria de Gastos Abril 2016<\/a><\/li>\n<li><a href=\"http:\/\/desmochados.gov.py\/wp-content\/uploads\/2016\/06\/Ejecuci\u00f3n-Presupuestaria-de-Ingresos-Abril-2016.pdf\" target=\"_blank\">Ejecuci\u00f3n Presupuestaria de Ingresos Abril 2016<\/a><\/li>\n<li><a href=\"http:\/\/desmochados.gov.py\/wp-content\/uploads\/2016\/06\/04_2016_SFP_Planilla_de_Personal.pdf\" target=\"_blank\">Planilla de Personal Abril 2016<\/a><\/li>\n<li><a href=\"http:\/\/desmochados.gov.py\/wp-content\/uploads\/2016\/06\/Viatico_04_2016.pdf\" target=\"_blank\">Vi\u00e1ticos<\/a><\/li>\n<li><a href=\"http:\/\/desmochados.gov.py\/wp-content\/uploads\/2016\/06\/AsistenciaSocial_04_2016.pdf\" target=\"_blank\">Asistencia Social a personas y familias de Escasos Recursos<\/a><\/li>\n<li><a href=\"http:\/\/desmochados.gov.py\/wp-content\/uploads\/2016\/06\/Funcionarios-Comisionados-de-la-Municipalidad-04_2016.pdf\" target=\"_blank\">Listado de Funcionarios Municipales Comisionados<\/a><\/li>\n<li><a href=\"http:\/\/desmochados.gov.py\/wp-content\/uploads\/2016\/06\/Funcionarios-Comisionados-de-Otras-Instituciones-04_2016.pdf\" target=\"_blank\">Listado de Funcionarios Comisionados de Otras Instituciones<\/a><\/li>\n<\/ul>\n<ul>\n<li><a href=\"http:\/\/desmochados.gov.py\/wp-content\/uploads\/2016\/06\/Balance_General_1er.Cuatrim.2016_Desmochados.pdf\" target=\"_blank\">Balance General Cuatrimestral<\/a><\/li>\n<li><a href=\"http:\/\/desmochados.gov.py\/wp-content\/uploads\/2016\/06\/Estado_de_Resultados_1er.Cuatrim.2016_Desmochados.pdf\" target=\"_blank\">Estado de Resultados Cuatrimestral<\/a><\/li>\n<li><a href=\"http:\/\/desmochados.gov.py\/wp-content\/uploads\/2016\/06\/Becas_04_2016.pdf\" target=\"_blank\">Becas<\/a><\/li>\n<li><a href=\"http:\/\/desmochados.gov.py\/wp-content\/uploads\/2016\/06\/Indemnizaciones_04_2016.pdf\" target=\"_blank\">Indemnizaciones<\/a><\/li>\n<li><a href=\"http:\/\/desmochados.gov.py\/wp-content\/uploads\/2016\/06\/Vacancias_04_2016.pdf\" target=\"_blank\">Vacancias<\/a><\/li>\n<\/ul>\n","protected":false},"excerpt":{"rendered":"<p>Ejecuci\u00f3n Presupuestaria de Gastos Abril 2016 Ejecuci\u00f3n Presupuestaria de Ingresos Abril 2016 Planilla de Personal Abril 2016 Vi\u00e1ticos Asistencia Social [&hellip;]<\/p>\n","protected":false},"author":1,"featured_media":0,"parent":0,"menu_order":0,"comment_status":"closed","ping_status":"closed","template":"page-template-full-width.php","meta":{"footnotes":""},"class_list":["post-144","page","type-page","status-publish","hentry"],"_links":{"self":[{"href":"https:\/\/desmochados.gov.py\/index.php\/wp-json\/wp\/v2\/pages\/144","targetHints":{"allow":["GET"]}}],"collection":[{"href":"https:\/\/desmochados.gov.py\/index.php\/wp-json\/wp\/v2\/pages"}],"about":[{"href":"https:\/\/desmochados.gov.py\/index.php\/wp-json\/wp\/v2\/types\/page"}],"author":[{"embeddable":true,"href":"https:\/\/desmochados.gov.py\/index.php\/wp-json\/wp\/v2\/users\/1"}],"replies":[{"embeddable":true,"href":"https:\/\/desmochados.gov.py\/index.php\/wp-json\/wp\/v2\/comments?post=144"}],"version-history":[{"count":11,"href":"https:\/\/desmochados.gov.py\/index.php\/wp-json\/wp\/v2\/pages\/144\/revisions"}],"predecessor-version":[{"id":595,"href":"https:\/\/desmochados.gov.py\/index.php\/wp-json\/wp\/v2\/pages\/144\/revisions\/595"}],"wp:attachment":[{"href":"https:\/\/desmochados.gov.py\/index.php\/wp-json\/wp\/v2\/media?parent=144"}],"curies":[{"name":"wp","href":"https:\/\/api.w.org\/{rel}","templated":true}]}}