{"id":126,"date":"2016-06-09T20:48:11","date_gmt":"2016-06-09T20:48:11","guid":{"rendered":"http:\/\/desmochados.gov.py\/?page_id=126"},"modified":"2017-02-10T09:53:29","modified_gmt":"2017-02-10T09:53:29","slug":"transparencia-febrero-2016","status":"publish","type":"page","link":"https:\/\/desmochados.gov.py\/index.php\/transparencia-febrero-2016\/","title":{"rendered":"Transparencia Febrero\/2016"},"content":{"rendered":"<p>&nbsp;<\/p>\n<ul>\n<li><a href=\"http:\/\/desmochados.gov.py\/wp-content\/uploads\/2016\/06\/02_2016_SFP_Planilla_de_Personal.pdf\" target=\"_blank\">Planilla de Personal Febrero 2016<\/a><\/li>\n<li><a href=\"http:\/\/desmochados.gov.py\/wp-content\/uploads\/2016\/06\/Ejecuci\u00f3n-Presupuestaria-Ingresos-Febrero-2016.pdf\" target=\"_blank\">Ejecuci\u00f3n Presupuestaria Ingresos Febrero 2016<\/a><\/li>\n<li><a href=\"http:\/\/desmochados.gov.py\/wp-content\/uploads\/2016\/06\/Ejecuci\u00f3n-Presupuestaria-de-Gastos-Febrero-2016.pdf\" target=\"_blank\">Ejecuci\u00f3n Presupuestaria de Gastos Febrero 2016<\/a><\/li>\n<li><a href=\"http:\/\/desmochados.gov.py\/wp-content\/uploads\/2016\/06\/Viatico_02_2016.pdf\" target=\"_blank\">Vi\u00e1ticos<\/a><\/li>\n<li><a href=\"http:\/\/desmochados.gov.py\/wp-content\/uploads\/2016\/06\/AsistenciaSocial_02_2016.pdf\" target=\"_blank\">Asistencia Social a personas y familias de Escasos Recursos<\/a><\/li>\n<li><a href=\"http:\/\/desmochados.gov.py\/wp-content\/uploads\/2016\/06\/Funcionarios-Comisionados-de-la-Municipalidad-02_2016.pdf\" target=\"_blank\">Listado de Funcionarios Municipales Comisionados<\/a><\/li>\n<li><a href=\"http:\/\/desmochados.gov.py\/wp-content\/uploads\/2016\/06\/Funcionarios-Comisionados-de-Otras-Instituciones-02_2016.pdf\" target=\"_blank\">Listado de Funcionarios Comisionados de Otras Instituciones<\/a><\/li>\n<li><a href=\"http:\/\/desmochados.gov.py\/wp-content\/uploads\/2016\/06\/Becas_02_2016.pdf\" target=\"_blank\">Becas<\/a><\/li>\n<li><a href=\"http:\/\/desmochados.gov.py\/wp-content\/uploads\/2016\/06\/Indemnizaciones_02_2016.pdf\" target=\"_blank\">Indemnizaciones<\/a><\/li>\n<li><a href=\"http:\/\/desmochados.gov.py\/wp-content\/uploads\/2016\/06\/Vacancias_02_2016.pdf\" target=\"_blank\">Vacancias<\/a><\/li>\n<\/ul>\n","protected":false},"excerpt":{"rendered":"<p>&nbsp; Planilla de Personal Febrero 2016 Ejecuci\u00f3n Presupuestaria Ingresos Febrero 2016 Ejecuci\u00f3n Presupuestaria de Gastos Febrero 2016 Vi\u00e1ticos Asistencia Social [&hellip;]<\/p>\n","protected":false},"author":1,"featured_media":0,"parent":0,"menu_order":0,"comment_status":"closed","ping_status":"closed","template":"page-template-full-width.php","meta":{"footnotes":""},"class_list":["post-126","page","type-page","status-publish","hentry"],"_links":{"self":[{"href":"https:\/\/desmochados.gov.py\/index.php\/wp-json\/wp\/v2\/pages\/126","targetHints":{"allow":["GET"]}}],"collection":[{"href":"https:\/\/desmochados.gov.py\/index.php\/wp-json\/wp\/v2\/pages"}],"about":[{"href":"https:\/\/desmochados.gov.py\/index.php\/wp-json\/wp\/v2\/types\/page"}],"author":[{"embeddable":true,"href":"https:\/\/desmochados.gov.py\/index.php\/wp-json\/wp\/v2\/users\/1"}],"replies":[{"embeddable":true,"href":"https:\/\/desmochados.gov.py\/index.php\/wp-json\/wp\/v2\/comments?post=126"}],"version-history":[{"count":10,"href":"https:\/\/desmochados.gov.py\/index.php\/wp-json\/wp\/v2\/pages\/126\/revisions"}],"predecessor-version":[{"id":593,"href":"https:\/\/desmochados.gov.py\/index.php\/wp-json\/wp\/v2\/pages\/126\/revisions\/593"}],"wp:attachment":[{"href":"https:\/\/desmochados.gov.py\/index.php\/wp-json\/wp\/v2\/media?parent=126"}],"curies":[{"name":"wp","href":"https:\/\/api.w.org\/{rel}","templated":true}]}}