{"id":114,"date":"2016-06-09T20:42:57","date_gmt":"2016-06-09T20:42:57","guid":{"rendered":"http:\/\/desmochados.gov.py\/?page_id=114"},"modified":"2016-06-09T20:44:57","modified_gmt":"2016-06-09T20:44:57","slug":"vision","status":"publish","type":"page","link":"https:\/\/desmochados.gov.py\/index.php\/vision\/","title":{"rendered":"Visi\u00f3n"},"content":{"rendered":"<p style=\"text-align: justify;\">Progreso de la calidad de vida de las familias, con inclusi\u00f3n social, educativa y econ\u00f3mica; utilizando los recursos naturales de manera sustentable para un desarrollo eco tur\u00edstico; con una Gesti\u00f3n P\u00fablica de calidad, transparente y participativo.-<\/p>\n","protected":false},"excerpt":{"rendered":"<p>Progreso de la calidad de vida de las familias, con inclusi\u00f3n social, educativa y econ\u00f3mica; utilizando los recursos naturales de [&hellip;]<\/p>\n","protected":false},"author":1,"featured_media":0,"parent":0,"menu_order":0,"comment_status":"closed","ping_status":"closed","template":"page-template-full-width.php","meta":{"footnotes":""},"class_list":["post-114","page","type-page","status-publish","hentry"],"_links":{"self":[{"href":"https:\/\/desmochados.gov.py\/index.php\/wp-json\/wp\/v2\/pages\/114","targetHints":{"allow":["GET"]}}],"collection":[{"href":"https:\/\/desmochados.gov.py\/index.php\/wp-json\/wp\/v2\/pages"}],"about":[{"href":"https:\/\/desmochados.gov.py\/index.php\/wp-json\/wp\/v2\/types\/page"}],"author":[{"embeddable":true,"href":"https:\/\/desmochados.gov.py\/index.php\/wp-json\/wp\/v2\/users\/1"}],"replies":[{"embeddable":true,"href":"https:\/\/desmochados.gov.py\/index.php\/wp-json\/wp\/v2\/comments?post=114"}],"version-history":[{"count":2,"href":"https:\/\/desmochados.gov.py\/index.php\/wp-json\/wp\/v2\/pages\/114\/revisions"}],"predecessor-version":[{"id":124,"href":"https:\/\/desmochados.gov.py\/index.php\/wp-json\/wp\/v2\/pages\/114\/revisions\/124"}],"wp:attachment":[{"href":"https:\/\/desmochados.gov.py\/index.php\/wp-json\/wp\/v2\/media?parent=114"}],"curies":[{"name":"wp","href":"https:\/\/api.w.org\/{rel}","templated":true}]}}